{"id":95,"date":"2025-01-17T18:05:12","date_gmt":"2025-01-17T18:05:12","guid":{"rendered":"https:\/\/www.golden-gestion.fr\/index.php\/accommodation-i-3-columns\/"},"modified":"2025-01-18T00:38:03","modified_gmt":"2025-01-18T00:38:03","slug":"nos-logements","status":"publish","type":"page","link":"https:\/\/www.golden-gestion.fr\/index.php\/nos-logements\/","title":{"rendered":"Nos logements"},"content":{"rendered":"<div class=\"wpb-content-wrapper\"><p>[vc_row][vc_column]\t\t\n\t\t\t\t\n\t\t\t<!-- BEGIN .shb-accommodation-listing-filter-sorting -->\n\t\t\t<div class=\"shb-accommodation-listing-filter-sorting shb-clearfix\">\n\t\t\t\n\t\t\t\t\t\t\t\n\t\t\t\t<div class=\"shb-accommodation-listing-filter shb-clearfix\">\n\t\t\t\t\t<p>Filtrer par:<\/p>\n\t\t\t\t\t<ul>\n\t\t\t\t\t\t<li class=\"shb-filter-current\"><a href=\"https:\/\/www.golden-gestion.fr\/wp-json\/wp\/v2\/pages\/95?shb-orderby=2\">Toute<\/a><\/li>\t\t\t\t\t<\/ul>\n\t\t\t\t<\/div>\n\t\t\t\n\t\t\t\t\t\t\t\n\t\t\t\t\t\t\t\n\t\t\t\t<div class=\"shb-accommodation-listing-sorting shb-clearfix\">\n\t\t\t\t\t<select>\n\t\t\t\t\t\t<option value=\"https:\/\/www.golden-gestion.fr\/wp-json\/wp\/v2\/pages\/95?shb-accommodation-type=0\" selected>Tri par d\u00e9faut<\/option><option value=\"https:\/\/www.golden-gestion.fr\/wp-json\/wp\/v2\/pages\/95?shb-accommodation-type=0&shb-orderby=1\" >Prix \u200b\u200bcroissant<\/option><option value=\"https:\/\/www.golden-gestion.fr\/wp-json\/wp\/v2\/pages\/95?shb-accommodation-type=0&shb-orderby=2\" >Prix d\u00e9croissant<\/option>\t\t\t\t\t<\/select>\n\t\t\t\t\t<i class=\"fas fa-chevron-down\"><\/i>\n\t\t\t\t<\/div>\n\t\t\t\n\t\t\t\t\t\n\t\t\t<!-- END .shb-accommodation-listing-filter-sorting -->\n\t\t\t<\/div>\n\t\t\n\t\t\t\t\n\t\t<!-- BEGIN .shb-accommodation-listing-style-1 -->\n\t\t<div class=\"shb-accommodation-listing-style-1 shb-accommodation-listing-style-1-columns-3\">\n\t\t\t\n\t\t\t\t\n\t\t\t<!-- BEGIN .shb-accommodation-listing-item -->\n\t\t\t<div class=\"shb-accommodation-listing-item\">\n\t\t\t\n\t\t\t\t\t\t\t\n\t\t\t\t<div class=\"shb-accommodation-listing-description-wrapper\">\n\t\t\t\t\n\t\t\t\t\t<h3><a href=\"https:\/\/www.golden-gestion.fr\/index.php\/shb_accommodation\/lhotelier\/\" rel=\"bookmark\" title=\"L&rsquo;H\u00f4telier\">L&rsquo;H\u00f4telier<\/a><\/h3>\n\t\t\t\t\n\t\t\t\t\t<div class=\"shb-accommodation-listing-description shb-clearfix\">\n\t\t\t\t\t<ul>\n\t\t\t\t\t\t<li><i class=\"fas fa-user\"><\/i><span>Capacit\u00e9 :<\/span> 12<\/li>\t\t\t\t\t\t<!-- <li><i class=\"fas fa-ruler-combined\"><\/i><span>Size :<\/span> 35sqm<\/li> -->\n\t\t\t\t\t\t<li><i class=\"fas fa-binoculars\"><\/i><span>Adresse : <\/span>36 Avenue de Verdun Meylan<\/li>\n\t\t\t\t\t<\/ul>\n\t\t\t\t\t\t\t\t\t\t\t\t<a href=\"https:\/\/www.golden-gestion.fr\/index.php\/shb_accommodation\/lhotelier\/\" class=\"shb-accommodation-listing-button1\">\u00c0 partir de 320.00 \u20ac<\/a>\t\t\t\t\t\t<!-- <a href=\"https:\/\/www.golden-gestion.fr\/index.php\/shb_accommodation\/lhotelier\/\" class=\"shb-accommodation-listing-button2\">H\u00e9bergement avec vue<i class=\"fas fa-chevron-right\"><\/i><\/a> -->\n\t\t\t\t\t<\/div>\n\t\t\t\t\n\t\t\t\t<\/div>\n\t\t\t\n\t\t\t<!-- END .shb-accommodation-listing-item -->\n\t\t\t<\/div>\n\t\t\n\t\t\t\t\n\t\t\t<!-- BEGIN .shb-accommodation-listing-item -->\n\t\t\t<div class=\"shb-accommodation-listing-item\">\n\t\t\t\n\t\t\t\t\t\t\t\n\t\t\t\t<div class=\"shb-accommodation-listing-description-wrapper\">\n\t\t\t\t\n\t\t\t\t\t<h3><a href=\"https:\/\/www.golden-gestion.fr\/index.php\/shb_accommodation\/linnovale\/\" rel=\"bookmark\" title=\"L&rsquo;innovale\">L&rsquo;innovale<\/a><\/h3>\n\t\t\t\t\n\t\t\t\t\t<div class=\"shb-accommodation-listing-description shb-clearfix\">\n\t\t\t\t\t<ul>\n\t\t\t\t\t\t<li><i class=\"fas fa-user\"><\/i><span>Capacit\u00e9 :<\/span> 2<\/li>\t\t\t\t\t\t<!-- <li><i class=\"fas fa-ruler-combined\"><\/i><span>Size :<\/span> 35sqm<\/li> -->\n\t\t\t\t\t\t<li><i class=\"fas fa-binoculars\"><\/i><span>Adresse : <\/span>2 All\u00e9e du Pr\u00e9 Blanc Meylan<\/li>\n\t\t\t\t\t<\/ul>\n\t\t\t\t\t\t\t\t\t\t\t\t<a href=\"https:\/\/www.golden-gestion.fr\/index.php\/shb_accommodation\/linnovale\/\" class=\"shb-accommodation-listing-button1\">\u00c0 partir de 10.25 \u20ac<\/a>\t\t\t\t\t\t<!-- <a href=\"https:\/\/www.golden-gestion.fr\/index.php\/shb_accommodation\/linnovale\/\" class=\"shb-accommodation-listing-button2\">H\u00e9bergement avec vue<i class=\"fas fa-chevron-right\"><\/i><\/a> -->\n\t\t\t\t\t<\/div>\n\t\t\t\t\n\t\t\t\t<\/div>\n\t\t\t\n\t\t\t<!-- END .shb-accommodation-listing-item -->\n\t\t\t<\/div>\n\t\t\n\t\t\t\t\n\t\t\t<!-- BEGIN .shb-accommodation-listing-item -->\n\t\t\t<div class=\"shb-accommodation-listing-item\">\n\t\t\t\n\t\t\t\t\t\t\t\n\t\t\t\t<div class=\"shb-accommodation-listing-description-wrapper\">\n\t\t\t\t\n\t\t\t\t\t<h3><a href=\"https:\/\/www.golden-gestion.fr\/index.php\/shb_accommodation\/z_test-property\/\" rel=\"bookmark\" title=\"Z_Test Property\">Z_Test Property<\/a><\/h3>\n\t\t\t\t\n\t\t\t\t\t<div class=\"shb-accommodation-listing-description shb-clearfix\">\n\t\t\t\t\t<ul>\n\t\t\t\t\t\t<li><i class=\"fas fa-user\"><\/i><span>Capacit\u00e9 :<\/span> 4<\/li>\t\t\t\t\t\t<!-- <li><i class=\"fas fa-ruler-combined\"><\/i><span>Size :<\/span> 35sqm<\/li> -->\n\t\t\t\t\t\t<li><i class=\"fas fa-binoculars\"><\/i><span>Adresse : <\/span>35 quai du Drac Fontaine<\/li>\n\t\t\t\t\t<\/ul>\n\t\t\t\t\t\t\t\t\t\t\t\t<a href=\"https:\/\/www.golden-gestion.fr\/index.php\/shb_accommodation\/z_test-property\/\" class=\"shb-accommodation-listing-button1\">Prix non pr\u00e9cis\u00e9<\/a>\t\t\t\t\t\t<!-- <a href=\"https:\/\/www.golden-gestion.fr\/index.php\/shb_accommodation\/z_test-property\/\" class=\"shb-accommodation-listing-button2\">H\u00e9bergement avec vue<i class=\"fas fa-chevron-right\"><\/i><\/a> -->\n\t\t\t\t\t<\/div>\n\t\t\t\t\n\t\t\t\t<\/div>\n\t\t\t\n\t\t\t<!-- END .shb-accommodation-listing-item -->\n\t\t\t<\/div>\n\t\t\n\t\t\t\t\n\t\t\t<!-- BEGIN .shb-accommodation-listing-item -->\n\t\t\t<div class=\"shb-accommodation-listing-item\">\n\t\t\t\n\t\t\t\t\t\t\t\n\t\t\t\t<div class=\"shb-accommodation-listing-description-wrapper\">\n\t\t\t\t\n\t\t\t\t\t<h3><a href=\"https:\/\/www.golden-gestion.fr\/index.php\/shb_accommodation\/le-verdun\/\" rel=\"bookmark\" title=\"Le Verdun\">Le Verdun<\/a><\/h3>\n\t\t\t\t\n\t\t\t\t\t<div class=\"shb-accommodation-listing-description shb-clearfix\">\n\t\t\t\t\t<ul>\n\t\t\t\t\t\t<li><i class=\"fas fa-user\"><\/i><span>Capacit\u00e9 :<\/span> 2<\/li>\t\t\t\t\t\t<!-- <li><i class=\"fas fa-ruler-combined\"><\/i><span>Size :<\/span> 35sqm<\/li> -->\n\t\t\t\t\t\t<li><i class=\"fas fa-binoculars\"><\/i><span>Adresse : <\/span>63b Rue de Verdun Reims<\/li>\n\t\t\t\t\t<\/ul>\n\t\t\t\t\t\t\t\t\t\t\t\t<a href=\"https:\/\/www.golden-gestion.fr\/index.php\/shb_accommodation\/le-verdun\/\" class=\"shb-accommodation-listing-button1\">Prix non pr\u00e9cis\u00e9<\/a>\t\t\t\t\t\t<!-- <a href=\"https:\/\/www.golden-gestion.fr\/index.php\/shb_accommodation\/le-verdun\/\" class=\"shb-accommodation-listing-button2\">H\u00e9bergement avec vue<i class=\"fas fa-chevron-right\"><\/i><\/a> -->\n\t\t\t\t\t<\/div>\n\t\t\t\t\n\t\t\t\t<\/div>\n\t\t\t\n\t\t\t<!-- END .shb-accommodation-listing-item -->\n\t\t\t<\/div>\n\t\t\n\t\t\t\t\n\t\t\t<!-- BEGIN .shb-accommodation-listing-item -->\n\t\t\t<div class=\"shb-accommodation-listing-item\">\n\t\t\t\n\t\t\t\t\t\t\t\n\t\t\t\t<div class=\"shb-accommodation-listing-description-wrapper\">\n\t\t\t\t\n\t\t\t\t\t<h3><a href=\"https:\/\/www.golden-gestion.fr\/index.php\/shb_accommodation\/le-marianne\/\" rel=\"bookmark\" title=\"Le Marianne\">Le Marianne<\/a><\/h3>\n\t\t\t\t\n\t\t\t\t\t<div class=\"shb-accommodation-listing-description shb-clearfix\">\n\t\t\t\t\t<ul>\n\t\t\t\t\t\t<li><i class=\"fas fa-user\"><\/i><span>Capacit\u00e9 :<\/span> 2<\/li>\t\t\t\t\t\t<!-- <li><i class=\"fas fa-ruler-combined\"><\/i><span>Size :<\/span> 35sqm<\/li> -->\n\t\t\t\t\t\t<li><i class=\"fas fa-binoculars\"><\/i><span>Adresse : <\/span>18 Rue Mayen Grenoble<\/li>\n\t\t\t\t\t<\/ul>\n\t\t\t\t\t\t\t\t\t\t\t\t<a href=\"https:\/\/www.golden-gestion.fr\/index.php\/shb_accommodation\/le-marianne\/\" class=\"shb-accommodation-listing-button1\">Prix non pr\u00e9cis\u00e9<\/a>\t\t\t\t\t\t<!-- <a href=\"https:\/\/www.golden-gestion.fr\/index.php\/shb_accommodation\/le-marianne\/\" class=\"shb-accommodation-listing-button2\">H\u00e9bergement avec vue<i class=\"fas fa-chevron-right\"><\/i><\/a> -->\n\t\t\t\t\t<\/div>\n\t\t\t\t\n\t\t\t\t<\/div>\n\t\t\t\n\t\t\t<!-- END .shb-accommodation-listing-item -->\n\t\t\t<\/div>\n\t\t\n\t\t\t\t\n\t\t\t<!-- BEGIN .shb-accommodation-listing-item -->\n\t\t\t<div class=\"shb-accommodation-listing-item\">\n\t\t\t\n\t\t\t\t\t\t\t\n\t\t\t\t<div class=\"shb-accommodation-listing-description-wrapper\">\n\t\t\t\t\n\t\t\t\t\t<h3><a href=\"https:\/\/www.golden-gestion.fr\/index.php\/shb_accommodation\/lame-etoilee\/\" rel=\"bookmark\" title=\"L&rsquo;\u00c2me \u00c9toil\u00e9e\">L&rsquo;\u00c2me \u00c9toil\u00e9e<\/a><\/h3>\n\t\t\t\t\n\t\t\t\t\t<div class=\"shb-accommodation-listing-description shb-clearfix\">\n\t\t\t\t\t<ul>\n\t\t\t\t\t\t<li><i class=\"fas fa-user\"><\/i><span>Capacit\u00e9 :<\/span> 2<\/li>\t\t\t\t\t\t<!-- <li><i class=\"fas fa-ruler-combined\"><\/i><span>Size :<\/span> 35sqm<\/li> -->\n\t\t\t\t\t\t<li><i class=\"fas fa-binoculars\"><\/i><span>Adresse : <\/span>9B Rue Sully Grenoble<\/li>\n\t\t\t\t\t<\/ul>\n\t\t\t\t\t\t\t\t\t\t\t\t<a href=\"https:\/\/www.golden-gestion.fr\/index.php\/shb_accommodation\/lame-etoilee\/\" class=\"shb-accommodation-listing-button1\">Prix non pr\u00e9cis\u00e9<\/a>\t\t\t\t\t\t<!-- <a href=\"https:\/\/www.golden-gestion.fr\/index.php\/shb_accommodation\/lame-etoilee\/\" class=\"shb-accommodation-listing-button2\">H\u00e9bergement avec vue<i class=\"fas fa-chevron-right\"><\/i><\/a> -->\n\t\t\t\t\t<\/div>\n\t\t\t\t\n\t\t\t\t<\/div>\n\t\t\t\n\t\t\t<!-- END .shb-accommodation-listing-item -->\n\t\t\t<\/div>\n\t\t\n\t\t\t\t\t\n\t\t<!-- END .shb-accommodation-listing-style-1 -->\n\t\t<\/div>\n\t\n\t\t\n\t\t\t\n\t\t<div class=\"shb-clearboth\"><\/div>\n\t\t<div class=\"shb-accommodation-listing-1-pagination\">\n\t\t<div class=\"sohohotel-pagination\"><span aria-label=\"Page 1\" aria-current=\"page\" class=\"page-numbers current\">1<\/span>\n<a aria-label=\"Page 2\" class=\"page-numbers\" href=\"https:\/\/www.golden-gestion.fr\/index.php\/wp-json\/wp\/v2\/pages\/95\/page\/2\/\">2<\/a>\n<a aria-label=\"Page 3\" class=\"page-numbers\" href=\"https:\/\/www.golden-gestion.fr\/index.php\/wp-json\/wp\/v2\/pages\/95\/page\/3\/\">3<\/a>\n<span class=\"page-numbers dots\">\u2026<\/span>\n<a aria-label=\"Page 18\" class=\"page-numbers\" href=\"https:\/\/www.golden-gestion.fr\/index.php\/wp-json\/wp\/v2\/pages\/95\/page\/18\/\">18<\/a>\n<a class=\"next page-numbers\" href=\"https:\/\/www.golden-gestion.fr\/index.php\/wp-json\/wp\/v2\/pages\/95\/page\/2\/\">&raquo;<\/a><\/div>\t\t<\/div>\n\t\t\n\t\t\n\t[\/vc_column][\/vc_row]<\/p>\n<\/div>","protected":false},"excerpt":{"rendered":"<p>[vc_row][vc_column][\/vc_column][\/vc_row]<\/p>\n<a href=\"https:\/\/www.golden-gestion.fr\/index.php\/shb_accommodation\/lame-etoilee\/\" class=\"sohohotel-more-link\">Read More<\/a>","protected":false},"author":2,"featured_media":0,"parent":0,"menu_order":0,"comment_status":"closed","ping_status":"closed","template":"","meta":{"footnotes":""},"class_list":["post-95","page","type-page","status-publish","hentry"],"_links":{"self":[{"href":"https:\/\/www.golden-gestion.fr\/index.php\/wp-json\/wp\/v2\/pages\/95","targetHints":{"allow":["GET"]}}],"collection":[{"href":"https:\/\/www.golden-gestion.fr\/index.php\/wp-json\/wp\/v2\/pages"}],"about":[{"href":"https:\/\/www.golden-gestion.fr\/index.php\/wp-json\/wp\/v2\/types\/page"}],"author":[{"embeddable":true,"href":"https:\/\/www.golden-gestion.fr\/index.php\/wp-json\/wp\/v2\/users\/2"}],"replies":[{"embeddable":true,"href":"https:\/\/www.golden-gestion.fr\/index.php\/wp-json\/wp\/v2\/comments?post=95"}],"version-history":[{"count":3,"href":"https:\/\/www.golden-gestion.fr\/index.php\/wp-json\/wp\/v2\/pages\/95\/revisions"}],"predecessor-version":[{"id":317,"href":"https:\/\/www.golden-gestion.fr\/index.php\/wp-json\/wp\/v2\/pages\/95\/revisions\/317"}],"wp:attachment":[{"href":"https:\/\/www.golden-gestion.fr\/index.php\/wp-json\/wp\/v2\/media?parent=95"}],"curies":[{"name":"wp","href":"https:\/\/api.w.org\/{rel}","templated":true}]}}